{"id":273,"date":"2024-02-21T18:24:37","date_gmt":"2024-02-21T18:24:37","guid":{"rendered":"https:\/\/pera.si\/?page_id=273"},"modified":"2024-02-25T11:23:02","modified_gmt":"2024-02-25T11:23:02","slug":"pogosta-vprasanja","status":"publish","type":"page","link":"https:\/\/pera.si\/index.php\/pogosta-vprasanja\/","title":{"rendered":"Pogosta vpra\u0161anja"},"content":{"rendered":"\n<h2 class=\"wp-block-heading alignfull has-text-align-left is-style-default has-contrast-color has-base-2-background-color has-text-color has-background has-link-color wp-elements-2e193fd0d25d309b4793315f340f142b\" style=\"font-size:clamp(1.551rem, 1.551rem + ((1vw - 0.2rem) * 1.748), 2.6rem);letter-spacing:-0.02em\">Pogosta vpra\u0161anja<\/h2>\n\n\n\n<div class=\"wp-block-group alignfull has-contrast-color has-base-background-color has-text-color has-background has-link-color wp-elements-19f367bfac4d10b50fa79cf605721149 has-global-padding is-layout-constrained wp-container-core-group-is-layout-d89aad35 wp-block-group-is-layout-constrained\" style=\"margin-top:0;margin-bottom:0;padding-top:var(--wp--preset--spacing--50);padding-right:var(--wp--preset--spacing--50);padding-bottom:var(--wp--preset--spacing--50);padding-left:var(--wp--preset--spacing--50)\">\n<div class=\"wp-block-group alignwide has-base-background-color has-background is-layout-flow wp-block-group-is-layout-flow\">\n<hr class=\"wp-block-separator has-text-color has-base-color has-alpha-channel-opacity has-base-background-color has-background is-style-wide\"\/>\n\n\n\n<details class=\"wp-block-details is-style-arrow-icon-details has-medium-font-size is-layout-flow wp-block-details-is-layout-flow\" style=\"border-top-style:none;border-top-width:0px;border-right-style:none;border-right-width:0px;border-bottom-color:var(--wp--preset--color--base);border-bottom-style:solid;border-bottom-width:1px;border-left-style:none;border-left-width:0px;margin-top:0\"><summary><strong>Kako poteka psihoterapija?<\/strong><\/summary>\n<p class=\"has-contrast-2-color has-text-color has-link-color has-medium-font-size wp-elements-9de36bb9f310fc1a15b48492a20faf46\">Po prvem stiku se dogovorimo za uvodno sre\u010danje, na katerem vas podrobneje povpra\u0161am po razlogih za obisk psihoterapije. Tekom za\u010detnih sre\u010danj oblikujemo dogovor in terapevtske cilje, katerim sledimo v nadaljevanju procesa. Pri tem je pomembno, da je klient v procesu aktiven in ga soustvarja.<\/p>\n<\/details>\n\n\n\n<details class=\"wp-block-details is-style-arrow-icon-details has-contrast-color has-text-color has-link-color has-medium-font-size wp-elements-c6de4e2c84f942cbdc7caae76572fdc1 is-layout-flow wp-block-details-is-layout-flow\" style=\"border-top-style:none;border-top-width:0px;border-right-style:none;border-right-width:0px;border-bottom-color:var(--wp--preset--color--base);border-bottom-style:solid;border-bottom-width:1px;border-left-style:none;border-left-width:0px;margin-top:0\"><summary><strong>Pri \u010dem mi lahko psihoterapija pomaga?<\/strong><\/summary>\n<p class=\"has-contrast-2-color has-text-color has-link-color has-medium-font-size wp-elements-651f28f7cb9a8995748eaf6b94e62c15\">Psihoterapija lahko pomaga pri raziskovanju lastne identitete in potencialov, dalj \u010dasa trajajo\u010dem depresivnem razpolo\u017eenju, intenzivni tesnobi, ki negativno vpliva na vsakdanje funkcioniranje, do\u017eivljanju pani\u010dnih napadov, pojavljanju samopo\u0161kodbenega vedenja, izbolj\u0161anju kvalitete medosebnih odnosov, do\u017eivljanju psihosomatskih simptomov, osebnostni rasti idr.<\/p>\n<\/details>\n\n\n\n<details class=\"wp-block-details is-style-arrow-icon-details has-medium-font-size is-layout-flow wp-block-details-is-layout-flow\" style=\"border-top-style:none;border-top-width:0px;border-right-style:none;border-right-width:0px;border-bottom-color:var(--wp--preset--color--base);border-bottom-style:solid;border-bottom-width:1px;border-left-style:none;border-left-width:0px;margin-top:0\"><summary><strong>Ali morajo biti v psihoterapevtski proces pri mladostnikih vklju\u010deni tudi star\u0161i oz. skrbniki?<\/strong><\/summary>\n<p class=\"has-contrast-2-color has-text-color has-link-color has-medium-font-size wp-elements-4d81dc194bb9d480f36a136d50132d31\">Pri psihoterapiji za mladostnike je za\u017eelena aktivna vklju\u010denost star\u0161ev oz. skrbnikov, ki predstavljajo mladostnikovo primarno okolje in tako tudi pomemben vir opore.<\/p>\n<\/details>\n\n\n\n<details class=\"wp-block-details is-style-arrow-icon-details has-medium-font-size is-layout-flow wp-block-details-is-layout-flow\" style=\"border-top-style:none;border-top-width:0px;border-right-style:none;border-right-width:0px;border-bottom-color:var(--wp--preset--color--base);border-bottom-style:solid;border-bottom-width:1px;border-left-style:none;border-left-width:0px;margin-top:0\"><summary><strong>Kako je z zaupnostjo?<\/strong><\/summary>\n<p class=\"has-contrast-2-color has-text-color has-link-color has-medium-font-size wp-elements-d4bb1ce334c095209eaf9d10c25885b2\">Pri svojem delu sem zavezana Eti\u010dnemu kodeksu dru\u0161tva <a href=\"https:\/\/www.drustvo-sinta.si\/\" data-type=\"link\" data-id=\"https:\/\/www.drustvo-sinta.si\/\">Sinta<\/a> in dru\u0161tva <a href=\"https:\/\/www.sloventa.si\/\" data-type=\"link\" data-id=\"https:\/\/www.sloventa.si\/\">Sloventa<\/a>. Vsebina psihoterapevtskih sre\u010danj je zaupne narave. Izjema je primer, \u010de terapevt verjame, da ste vi ali nekdo drug v nevarnosti. <\/p>\n\n\n\n<p class=\"has-contrast-2-color has-text-color has-link-color has-medium-font-size wp-elements-8855a56941d1d29d6a8b80c7e2ffe0ee\">Od \u010dasa do \u010dasa se o svojem delu pogovarjam s supervizorjem, ki je prav tako zavezan eti\u010dnemu kodeksu in zaupnosti. To je standardna praksa in mi pomaga, da na najbolj\u0161i na\u010din delam z vami.<\/p>\n<\/details>\n<\/div>\n<\/div>\n","protected":false},"excerpt":{"rendered":"<p>Pogosta vpra\u0161anja<\/p>\n","protected":false},"author":1,"featured_media":0,"parent":0,"menu_order":0,"comment_status":"closed","ping_status":"closed","template":"page-no-title","meta":{"footnotes":""},"class_list":["post-273","page","type-page","status-publish","hentry"],"_links":{"self":[{"href":"https:\/\/pera.si\/index.php\/wp-json\/wp\/v2\/pages\/273","targetHints":{"allow":["GET"]}}],"collection":[{"href":"https:\/\/pera.si\/index.php\/wp-json\/wp\/v2\/pages"}],"about":[{"href":"https:\/\/pera.si\/index.php\/wp-json\/wp\/v2\/types\/page"}],"author":[{"embeddable":true,"href":"https:\/\/pera.si\/index.php\/wp-json\/wp\/v2\/users\/1"}],"replies":[{"embeddable":true,"href":"https:\/\/pera.si\/index.php\/wp-json\/wp\/v2\/comments?post=273"}],"version-history":[{"count":37,"href":"https:\/\/pera.si\/index.php\/wp-json\/wp\/v2\/pages\/273\/revisions"}],"predecessor-version":[{"id":327,"href":"https:\/\/pera.si\/index.php\/wp-json\/wp\/v2\/pages\/273\/revisions\/327"}],"wp:attachment":[{"href":"https:\/\/pera.si\/index.php\/wp-json\/wp\/v2\/media?parent=273"}],"curies":[{"name":"wp","href":"https:\/\/api.w.org\/{rel}","templated":true}]}}